{"id":2074,"date":"2024-07-11T05:14:49","date_gmt":"2024-07-11T04:14:49","guid":{"rendered":"https:\/\/cyan-mandrill-206091.hostingersite.com\/?post_type=product&#038;p=2074"},"modified":"2024-10-07T00:11:24","modified_gmt":"2024-10-06T23:11:24","slug":"batik-n5","status":"publish","type":"product","link":"https:\/\/ellu-handmade.com\/es\/producte\/batik-n5\/","title":{"rendered":"BATIK N5"},"content":{"rendered":"<p class=\"p1\">Fets amb teles de dissenys originals d\u2019estil \u00e8tnic i combinats amb oilskin o kraftex.<\/p>\n<p class=\"p1\">S\u00f3n moneders m\u00e9s complerts, amb 3 departaments: Un per les monedes\/bitllets, un entremig per posar targetes, rebuts, etc&#8230; i un davanter amb dos departaments separats per targetes.<\/p>\n<p class=\"p1\">Mides aproximades de 14cm d\u2019amplada per 11 d\u2019al\u00e7ada.<\/p>\n<p style=\"text-align: center;\"><strong>&#8221; LA MITJA TARONJA PERFECTA&#8221;<\/strong><\/p>","protected":false},"excerpt":{"rendered":"<p>Fets amb teles de dissenys originals d\u2019estil \u00e8tnic i combinats amb oilskin o kraftex. S\u00f3n moneders m\u00e9s complerts, amb 3 departaments: Un per les monedes\/bitllets, un entremig per posar targetes, rebuts, etc&#8230; i un davanter amb dos departaments separats per targetes. Mides aproximades de 14cm d\u2019amplada per 11 d\u2019al\u00e7ada. &#8221; LA MITJA TARONJA PERFECTA&#8221;<\/p>","protected":false},"featured_media":2075,"comment_status":"open","ping_status":"closed","template":"","meta":{"site-sidebar-layout":"default","site-content-layout":"","ast-site-content-layout":"default","site-content-style":"default","site-sidebar-style":"default","ast-global-header-display":"","ast-banner-title-visibility":"","ast-main-header-display":"","ast-hfb-above-header-display":"","ast-hfb-below-header-display":"","ast-hfb-mobile-header-display":"","site-post-title":"","ast-breadcrumbs-content":"","ast-featured-img":"","footer-sml-layout":"","ast-disable-related-posts":"","theme-transparent-header-meta":"default","adv-header-id-meta":"","stick-header-meta":"","header-above-stick-meta":"","header-main-stick-meta":"","header-below-stick-meta":"","astra-migrate-meta-layouts":"set","ast-page-background-enabled":"default","ast-page-background-meta":{"desktop":{"background-color":"","background-image":"","background-repeat":"repeat","background-position":"center center","background-size":"auto","background-attachment":"scroll","background-type":"","background-media":"","overlay-type":"","overlay-color":"","overlay-opacity":"","overlay-gradient":""},"tablet":{"background-color":"","background-image":"","background-repeat":"repeat","background-position":"center center","background-size":"auto","background-attachment":"scroll","background-type":"","background-media":"","overlay-type":"","overlay-color":"","overlay-opacity":"","overlay-gradient":""},"mobile":{"background-color":"","background-image":"","background-repeat":"repeat","background-position":"center center","background-size":"auto","background-attachment":"scroll","background-type":"","background-media":"","overlay-type":"","overlay-color":"","overlay-opacity":"","overlay-gradient":""}},"ast-content-background-meta":{"desktop":{"background-color":"var(--ast-global-color-5)","background-image":"","background-repeat":"repeat","background-position":"center center","background-size":"auto","background-attachment":"scroll","background-type":"","background-media":"","overlay-type":"","overlay-color":"","overlay-opacity":"","overlay-gradient":""},"tablet":{"background-color":"var(--ast-global-color-5)","background-image":"","background-repeat":"repeat","background-position":"center center","background-size":"auto","background-attachment":"scroll","background-type":"","background-media":"","overlay-type":"","overlay-color":"","overlay-opacity":"","overlay-gradient":""},"mobile":{"background-color":"var(--ast-global-color-5)","background-image":"","background-repeat":"repeat","background-position":"center center","background-size":"auto","background-attachment":"scroll","background-type":"","background-media":"","overlay-type":"","overlay-color":"","overlay-opacity":"","overlay-gradient":""}}},"product_brand":[],"product_cat":[46],"product_tag":[],"class_list":{"0":"post-2074","1":"product","2":"type-product","3":"status-publish","4":"has-post-thumbnail","6":"product_cat-batik","7":"desktop-align-left","8":"tablet-align-left","9":"mobile-align-left","11":"first","12":"instock","13":"taxable","14":"shipping-taxable","15":"purchasable","16":"product-type-simple"},"_links":{"self":[{"href":"https:\/\/ellu-handmade.com\/es\/wp-json\/wp\/v2\/product\/2074","targetHints":{"allow":["GET"]}}],"collection":[{"href":"https:\/\/ellu-handmade.com\/es\/wp-json\/wp\/v2\/product"}],"about":[{"href":"https:\/\/ellu-handmade.com\/es\/wp-json\/wp\/v2\/types\/product"}],"replies":[{"embeddable":true,"href":"https:\/\/ellu-handmade.com\/es\/wp-json\/wp\/v2\/comments?post=2074"}],"wp:featuredmedia":[{"embeddable":true,"href":"https:\/\/ellu-handmade.com\/es\/wp-json\/wp\/v2\/media\/2075"}],"wp:attachment":[{"href":"https:\/\/ellu-handmade.com\/es\/wp-json\/wp\/v2\/media?parent=2074"}],"wp:term":[{"taxonomy":"product_brand","embeddable":true,"href":"https:\/\/ellu-handmade.com\/es\/wp-json\/wp\/v2\/product_brand?post=2074"},{"taxonomy":"product_cat","embeddable":true,"href":"https:\/\/ellu-handmade.com\/es\/wp-json\/wp\/v2\/product_cat?post=2074"},{"taxonomy":"product_tag","embeddable":true,"href":"https:\/\/ellu-handmade.com\/es\/wp-json\/wp\/v2\/product_tag?post=2074"}],"curies":[{"name":"wp","href":"https:\/\/api.w.org\/{rel}","templated":true}]}}