{"id":2039,"date":"2024-07-11T05:03:25","date_gmt":"2024-07-11T04:03:25","guid":{"rendered":"https:\/\/cyan-mandrill-206091.hostingersite.com\/?post_type=product&#038;p=2039"},"modified":"2024-10-07T00:11:24","modified_gmt":"2024-10-06T23:11:24","slug":"porta-mobils-n5","status":"publish","type":"product","link":"https:\/\/ellu-handmade.com\/es\/producte\/porta-mobils-n5\/","title":{"rendered":"PITI N5"},"content":{"rendered":"<p class=\"p1\">Aquests no s\u00f3n uns porta m\u00f2bils qualsevol&#8230;.s\u00f3n ELS PORTA M\u00d2BILS!!!<\/p>\n<p class=\"p1\">Perqu\u00e8, a part del m\u00f2bil, tenen un departament amb cremallera per poder portar tamb\u00e9 un petit clauer amb les claus, un petit moneder, targetes&#8230;. i tamb\u00e9 una petita butxaqueta de reixeta!!<\/p>\n<p class=\"p1\">Vaja&#8230;.el trobo el complement M\u00c9S \u201cFESTIVALERO\u201d de la web.<\/p>\n<p class=\"p1\">Mides aproximades de 20 cm d\u2019al\u00e7ada per 12 cm d\u2019amplada.<\/p>\n<p class=\"p1\" style=\"text-align: center;\"><b>\u201cATREVIT, DESENFADAT I DIFERENT, SEMPRE DIFERENT!!\u201d<\/b><\/p>","protected":false},"excerpt":{"rendered":"<p>Aquests no s\u00f3n uns porta m\u00f2bils qualsevol&#8230;.s\u00f3n ELS PORTA M\u00d2BILS!!! Perqu\u00e8, a part del m\u00f2bil, tenen un departament amb cremallera per poder portar tamb\u00e9 un petit clauer amb les claus, un petit moneder, targetes&#8230;. i tamb\u00e9 una petita butxaqueta de reixeta!! Vaja&#8230;.el trobo el complement M\u00c9S \u201cFESTIVALERO\u201d de la web. Mides aproximades de 20 cm [&hellip;]<\/p>\n","protected":false},"featured_media":2040,"comment_status":"open","ping_status":"closed","template":"","meta":{"site-sidebar-layout":"default","site-content-layout":"","ast-site-content-layout":"default","site-content-style":"default","site-sidebar-style":"default","ast-global-header-display":"","ast-banner-title-visibility":"","ast-main-header-display":"","ast-hfb-above-header-display":"","ast-hfb-below-header-display":"","ast-hfb-mobile-header-display":"","site-post-title":"","ast-breadcrumbs-content":"","ast-featured-img":"","footer-sml-layout":"","ast-disable-related-posts":"","theme-transparent-header-meta":"default","adv-header-id-meta":"","stick-header-meta":"","header-above-stick-meta":"","header-main-stick-meta":"","header-below-stick-meta":"","astra-migrate-meta-layouts":"set","ast-page-background-enabled":"default","ast-page-background-meta":{"desktop":{"background-color":"","background-image":"","background-repeat":"repeat","background-position":"center center","background-size":"auto","background-attachment":"scroll","background-type":"","background-media":"","overlay-type":"","overlay-color":"","overlay-opacity":"","overlay-gradient":""},"tablet":{"background-color":"","background-image":"","background-repeat":"repeat","background-position":"center center","background-size":"auto","background-attachment":"scroll","background-type":"","background-media":"","overlay-type":"","overlay-color":"","overlay-opacity":"","overlay-gradient":""},"mobile":{"background-color":"","background-image":"","background-repeat":"repeat","background-position":"center center","background-size":"auto","background-attachment":"scroll","background-type":"","background-media":"","overlay-type":"","overlay-color":"","overlay-opacity":"","overlay-gradient":""}},"ast-content-background-meta":{"desktop":{"background-color":"var(--ast-global-color-5)","background-image":"","background-repeat":"repeat","background-position":"center center","background-size":"auto","background-attachment":"scroll","background-type":"","background-media":"","overlay-type":"","overlay-color":"","overlay-opacity":"","overlay-gradient":""},"tablet":{"background-color":"var(--ast-global-color-5)","background-image":"","background-repeat":"repeat","background-position":"center center","background-size":"auto","background-attachment":"scroll","background-type":"","background-media":"","overlay-type":"","overlay-color":"","overlay-opacity":"","overlay-gradient":""},"mobile":{"background-color":"var(--ast-global-color-5)","background-image":"","background-repeat":"repeat","background-position":"center center","background-size":"auto","background-attachment":"scroll","background-type":"","background-media":"","overlay-type":"","overlay-color":"","overlay-opacity":"","overlay-gradient":""}}},"product_brand":[],"product_cat":[42],"product_tag":[],"class_list":{"0":"post-2039","1":"product","2":"type-product","3":"status-publish","4":"has-post-thumbnail","6":"product_cat-porta-mobils","7":"desktop-align-left","8":"tablet-align-left","9":"mobile-align-left","11":"first","12":"instock","13":"taxable","14":"shipping-taxable","15":"purchasable","16":"product-type-simple"},"_links":{"self":[{"href":"https:\/\/ellu-handmade.com\/es\/wp-json\/wp\/v2\/product\/2039","targetHints":{"allow":["GET"]}}],"collection":[{"href":"https:\/\/ellu-handmade.com\/es\/wp-json\/wp\/v2\/product"}],"about":[{"href":"https:\/\/ellu-handmade.com\/es\/wp-json\/wp\/v2\/types\/product"}],"replies":[{"embeddable":true,"href":"https:\/\/ellu-handmade.com\/es\/wp-json\/wp\/v2\/comments?post=2039"}],"wp:featuredmedia":[{"embeddable":true,"href":"https:\/\/ellu-handmade.com\/es\/wp-json\/wp\/v2\/media\/2040"}],"wp:attachment":[{"href":"https:\/\/ellu-handmade.com\/es\/wp-json\/wp\/v2\/media?parent=2039"}],"wp:term":[{"taxonomy":"product_brand","embeddable":true,"href":"https:\/\/ellu-handmade.com\/es\/wp-json\/wp\/v2\/product_brand?post=2039"},{"taxonomy":"product_cat","embeddable":true,"href":"https:\/\/ellu-handmade.com\/es\/wp-json\/wp\/v2\/product_cat?post=2039"},{"taxonomy":"product_tag","embeddable":true,"href":"https:\/\/ellu-handmade.com\/es\/wp-json\/wp\/v2\/product_tag?post=2039"}],"curies":[{"name":"wp","href":"https:\/\/api.w.org\/{rel}","templated":true}]}}