{"id":1936,"date":"2024-07-08T07:46:23","date_gmt":"2024-07-08T06:46:23","guid":{"rendered":"https:\/\/cyan-mandrill-206091.hostingersite.com\/?post_type=product&#038;p=1936"},"modified":"2024-10-07T00:11:25","modified_gmt":"2024-10-06T23:11:25","slug":"les-croquetes","status":"publish","type":"product","link":"https:\/\/ellu-handmade.com\/es\/producte\/les-croquetes\/","title":{"rendered":"C(R)OQUETA N1"},"content":{"rendered":"<p class=\"p1\">El dia que tinc a la Croqueta inspirada, ella tria les teles i jo em poso \u201cmans a la m\u00e0quina de cosir\u201d. Entre les dues fem m\u00e0gia i creem aquestes s\u00faper ronyoneres\/bandoleres.<\/p>\n<p class=\"p1\">Formen part de la Col\u00b7lecci\u00f3 exclusiva de la Croqueta!!<\/p>\n<p class=\"p2\">Deixar\u00e0s passar la oportunitat d\u2019adquirir una pe\u00e7a \u00fanica?<\/p>\n<p class=\"p2\">Amb cremallera i butxaca exterior s\u00faper cuqui, t\u00e9 l\u2019interior folrat i cinta graduable.<\/p>\n<p class=\"p2\">Mides aproximades de 32cm d\u2019amplada per 14cm d\u2019al\u00e7ada i 8cm de fons (part superior)<\/p>\n<p class=\"p2\" style=\"text-align: center;\"><b>\u201cDESTACA LA TEVA ESS\u00c8NCIA PERSONAL\u201d<\/b><\/p>","protected":false},"excerpt":{"rendered":"<p>El dia que tinc a la Croqueta inspirada, ella tria les teles i jo em poso \u201cmans a la m\u00e0quina de cosir\u201d. Entre les dues fem m\u00e0gia i creem aquestes s\u00faper ronyoneres\/bandoleres. Formen part de la Col\u00b7lecci\u00f3 exclusiva de la Croqueta!! Deixar\u00e0s passar la oportunitat d\u2019adquirir una pe\u00e7a \u00fanica? Amb cremallera i butxaca exterior s\u00faper [&hellip;]<\/p>\n","protected":false},"featured_media":1937,"comment_status":"open","ping_status":"closed","template":"","meta":{"site-sidebar-layout":"default","site-content-layout":"","ast-site-content-layout":"default","site-content-style":"default","site-sidebar-style":"default","ast-global-header-display":"","ast-banner-title-visibility":"","ast-main-header-display":"","ast-hfb-above-header-display":"","ast-hfb-below-header-display":"","ast-hfb-mobile-header-display":"","site-post-title":"","ast-breadcrumbs-content":"","ast-featured-img":"","footer-sml-layout":"","ast-disable-related-posts":"","theme-transparent-header-meta":"default","adv-header-id-meta":"","stick-header-meta":"","header-above-stick-meta":"","header-main-stick-meta":"","header-below-stick-meta":"","astra-migrate-meta-layouts":"set","ast-page-background-enabled":"default","ast-page-background-meta":{"desktop":{"background-color":"","background-image":"","background-repeat":"repeat","background-position":"center center","background-size":"auto","background-attachment":"scroll","background-type":"","background-media":"","overlay-type":"","overlay-color":"","overlay-opacity":"","overlay-gradient":""},"tablet":{"background-color":"","background-image":"","background-repeat":"repeat","background-position":"center center","background-size":"auto","background-attachment":"scroll","background-type":"","background-media":"","overlay-type":"","overlay-color":"","overlay-opacity":"","overlay-gradient":""},"mobile":{"background-color":"","background-image":"","background-repeat":"repeat","background-position":"center center","background-size":"auto","background-attachment":"scroll","background-type":"","background-media":"","overlay-type":"","overlay-color":"","overlay-opacity":"","overlay-gradient":""}},"ast-content-background-meta":{"desktop":{"background-color":"var(--ast-global-color-5)","background-image":"","background-repeat":"repeat","background-position":"center center","background-size":"auto","background-attachment":"scroll","background-type":"","background-media":"","overlay-type":"","overlay-color":"","overlay-opacity":"","overlay-gradient":""},"tablet":{"background-color":"var(--ast-global-color-5)","background-image":"","background-repeat":"repeat","background-position":"center center","background-size":"auto","background-attachment":"scroll","background-type":"","background-media":"","overlay-type":"","overlay-color":"","overlay-opacity":"","overlay-gradient":""},"mobile":{"background-color":"var(--ast-global-color-5)","background-image":"","background-repeat":"repeat","background-position":"center center","background-size":"auto","background-attachment":"scroll","background-type":"","background-media":"","overlay-type":"","overlay-color":"","overlay-opacity":"","overlay-gradient":""}}},"product_brand":[],"product_cat":[36,23],"product_tag":[],"class_list":{"0":"post-1936","1":"product","2":"type-product","3":"status-publish","4":"has-post-thumbnail","6":"product_cat-les-croquetes","7":"product_cat-cat-lovers","8":"desktop-align-left","9":"tablet-align-left","10":"mobile-align-left","12":"first","13":"instock","14":"taxable","15":"shipping-taxable","16":"purchasable","17":"product-type-simple"},"_links":{"self":[{"href":"https:\/\/ellu-handmade.com\/es\/wp-json\/wp\/v2\/product\/1936","targetHints":{"allow":["GET"]}}],"collection":[{"href":"https:\/\/ellu-handmade.com\/es\/wp-json\/wp\/v2\/product"}],"about":[{"href":"https:\/\/ellu-handmade.com\/es\/wp-json\/wp\/v2\/types\/product"}],"replies":[{"embeddable":true,"href":"https:\/\/ellu-handmade.com\/es\/wp-json\/wp\/v2\/comments?post=1936"}],"wp:featuredmedia":[{"embeddable":true,"href":"https:\/\/ellu-handmade.com\/es\/wp-json\/wp\/v2\/media\/1937"}],"wp:attachment":[{"href":"https:\/\/ellu-handmade.com\/es\/wp-json\/wp\/v2\/media?parent=1936"}],"wp:term":[{"taxonomy":"product_brand","embeddable":true,"href":"https:\/\/ellu-handmade.com\/es\/wp-json\/wp\/v2\/product_brand?post=1936"},{"taxonomy":"product_cat","embeddable":true,"href":"https:\/\/ellu-handmade.com\/es\/wp-json\/wp\/v2\/product_cat?post=1936"},{"taxonomy":"product_tag","embeddable":true,"href":"https:\/\/ellu-handmade.com\/es\/wp-json\/wp\/v2\/product_tag?post=1936"}],"curies":[{"name":"wp","href":"https:\/\/api.w.org\/{rel}","templated":true}]}}