{"id":1927,"date":"2024-07-08T07:43:57","date_gmt":"2024-07-08T06:43:57","guid":{"rendered":"https:\/\/cyan-mandrill-206091.hostingersite.com\/?post_type=product&#038;p=1927"},"modified":"2024-10-07T00:11:25","modified_gmt":"2024-10-06T23:11:25","slug":"la-one-life-2","status":"publish","type":"product","link":"https:\/\/ellu-handmade.com\/es\/producte\/la-one-life-2\/","title":{"rendered":"La ONE LIFE &#8211; TERRA"},"content":{"rendered":"<p class=\"p1\">Una ronyonera\/bandolera feta amb teixit mesh.<\/p>\n<p class=\"p2\">A part de no pesar gens, un cop plegada, ocupa molt poc espai.<\/p>\n<p class=\"p1\">Amb l\u2019interior folrat i cinta graduable, t\u00e9 unes mides aproximades de 32cm d\u2019amplada per 14cm d\u2019al\u00e7ada i 8cm de fons (part superior).<\/p>\n<p class=\"p1\"><i>* Les ONE LIFE s\u00f3n productes de continu\u00eftat. Si no n\u2019hi haguessin en stock, us les podem fer sota comanda.<\/i><\/p>\n<p class=\"p1\"><i>El termini d\u2019entrega seria d\u2019uns 15 dies, depenent del volum de feina de cada moment.<\/i><\/p>\n<p class=\"p1\" style=\"text-align: center;\"><strong>&#8221; GAUDEIX DE LES TEVES AVENTURES AMB ESTIL&#8221;<\/strong><\/p>\n<p class=\"p1\">","protected":false},"excerpt":{"rendered":"<p>Una ronyonera\/bandolera feta amb teixit mesh. A part de no pesar gens, un cop plegada, ocupa molt poc espai. Amb l\u2019interior folrat i cinta graduable, t\u00e9 unes mides aproximades de 32cm d\u2019amplada per 14cm d\u2019al\u00e7ada i 8cm de fons (part superior). * Les ONE LIFE s\u00f3n productes de continu\u00eftat. Si no n\u2019hi haguessin en stock, [&hellip;]<\/p>\n","protected":false},"featured_media":1928,"comment_status":"open","ping_status":"closed","template":"","meta":{"site-sidebar-layout":"default","site-content-layout":"","ast-site-content-layout":"default","site-content-style":"default","site-sidebar-style":"default","ast-global-header-display":"","ast-banner-title-visibility":"","ast-main-header-display":"","ast-hfb-above-header-display":"","ast-hfb-below-header-display":"","ast-hfb-mobile-header-display":"","site-post-title":"","ast-breadcrumbs-content":"","ast-featured-img":"","footer-sml-layout":"","ast-disable-related-posts":"","theme-transparent-header-meta":"default","adv-header-id-meta":"","stick-header-meta":"","header-above-stick-meta":"","header-main-stick-meta":"","header-below-stick-meta":"","astra-migrate-meta-layouts":"set","ast-page-background-enabled":"default","ast-page-background-meta":{"desktop":{"background-color":"","background-image":"","background-repeat":"repeat","background-position":"center center","background-size":"auto","background-attachment":"scroll","background-type":"","background-media":"","overlay-type":"","overlay-color":"","overlay-opacity":"","overlay-gradient":""},"tablet":{"background-color":"","background-image":"","background-repeat":"repeat","background-position":"center center","background-size":"auto","background-attachment":"scroll","background-type":"","background-media":"","overlay-type":"","overlay-color":"","overlay-opacity":"","overlay-gradient":""},"mobile":{"background-color":"","background-image":"","background-repeat":"repeat","background-position":"center center","background-size":"auto","background-attachment":"scroll","background-type":"","background-media":"","overlay-type":"","overlay-color":"","overlay-opacity":"","overlay-gradient":""}},"ast-content-background-meta":{"desktop":{"background-color":"var(--ast-global-color-5)","background-image":"","background-repeat":"repeat","background-position":"center center","background-size":"auto","background-attachment":"scroll","background-type":"","background-media":"","overlay-type":"","overlay-color":"","overlay-opacity":"","overlay-gradient":""},"tablet":{"background-color":"var(--ast-global-color-5)","background-image":"","background-repeat":"repeat","background-position":"center center","background-size":"auto","background-attachment":"scroll","background-type":"","background-media":"","overlay-type":"","overlay-color":"","overlay-opacity":"","overlay-gradient":""},"mobile":{"background-color":"var(--ast-global-color-5)","background-image":"","background-repeat":"repeat","background-position":"center center","background-size":"auto","background-attachment":"scroll","background-type":"","background-media":"","overlay-type":"","overlay-color":"","overlay-opacity":"","overlay-gradient":""}}},"product_brand":[],"product_cat":[35],"product_tag":[],"class_list":{"0":"post-1927","1":"product","2":"type-product","3":"status-publish","4":"has-post-thumbnail","6":"product_cat-one-life","7":"desktop-align-left","8":"tablet-align-left","9":"mobile-align-left","11":"first","12":"instock","13":"taxable","14":"shipping-taxable","15":"purchasable","16":"product-type-simple"},"_links":{"self":[{"href":"https:\/\/ellu-handmade.com\/es\/wp-json\/wp\/v2\/product\/1927","targetHints":{"allow":["GET"]}}],"collection":[{"href":"https:\/\/ellu-handmade.com\/es\/wp-json\/wp\/v2\/product"}],"about":[{"href":"https:\/\/ellu-handmade.com\/es\/wp-json\/wp\/v2\/types\/product"}],"replies":[{"embeddable":true,"href":"https:\/\/ellu-handmade.com\/es\/wp-json\/wp\/v2\/comments?post=1927"}],"wp:featuredmedia":[{"embeddable":true,"href":"https:\/\/ellu-handmade.com\/es\/wp-json\/wp\/v2\/media\/1928"}],"wp:attachment":[{"href":"https:\/\/ellu-handmade.com\/es\/wp-json\/wp\/v2\/media?parent=1927"}],"wp:term":[{"taxonomy":"product_brand","embeddable":true,"href":"https:\/\/ellu-handmade.com\/es\/wp-json\/wp\/v2\/product_brand?post=1927"},{"taxonomy":"product_cat","embeddable":true,"href":"https:\/\/ellu-handmade.com\/es\/wp-json\/wp\/v2\/product_cat?post=1927"},{"taxonomy":"product_tag","embeddable":true,"href":"https:\/\/ellu-handmade.com\/es\/wp-json\/wp\/v2\/product_tag?post=1927"}],"curies":[{"name":"wp","href":"https:\/\/api.w.org\/{rel}","templated":true}]}}