{"id":1887,"date":"2024-07-08T06:42:06","date_gmt":"2024-07-08T05:42:06","guid":{"rendered":"https:\/\/cyan-mandrill-206091.hostingersite.com\/?post_type=product&#038;p=1887"},"modified":"2024-10-07T00:11:25","modified_gmt":"2024-10-06T23:11:25","slug":"les-merlotxilles-4","status":"publish","type":"product","link":"https:\/\/ellu-handmade.com\/es\/producte\/les-merlotxilles-4\/","title":{"rendered":"LES M(ERL)OTXILLES N4"},"content":{"rendered":"<p class=\"p1\">Les M(erlot)xilles tamb\u00e9 s\u00f3n PECES \u00daNIQUES!! i elegants com el Merlot <span class=\"s1\">\ud83d\ude42<\/span><\/p>\n<p class=\"p1\">A part de tenir una bona capacitat, \u00e9s una motxilla molt lleugera i, la combinaci\u00f3 de tela mesh amb altres teixits, fa que el seu disseny sigui \u00fanic!<\/p>\n<p class=\"p1\">Amb cremallera superior i dues butxaques (una exterior i una interior) , t\u00e9 unes mides aproximades de 38cm d\u2019amplada per 32 cm d\u2019al\u00e7ada i 8 cm de fons.<\/p>\n<p class=\"p2\"><b>\u201cNo t\u2019ho pensis i fes una declaraci\u00f3 d\u2019estil amb un producte que parla de tu\u201d<\/b><\/p>","protected":false},"excerpt":{"rendered":"<p>Les M(erlot)xilles tamb\u00e9 s\u00f3n PECES \u00daNIQUES!! i elegants com el Merlot \ud83d\ude42 A part de tenir una bona capacitat, \u00e9s una motxilla molt lleugera i, la combinaci\u00f3 de tela mesh amb altres teixits, fa que el seu disseny sigui \u00fanic! Amb cremallera superior i dues butxaques (una exterior i una interior) , t\u00e9 unes mides [&hellip;]<\/p>\n","protected":false},"featured_media":1888,"comment_status":"open","ping_status":"closed","template":"","meta":{"site-sidebar-layout":"default","site-content-layout":"","ast-site-content-layout":"default","site-content-style":"default","site-sidebar-style":"default","ast-global-header-display":"","ast-banner-title-visibility":"","ast-main-header-display":"","ast-hfb-above-header-display":"","ast-hfb-below-header-display":"","ast-hfb-mobile-header-display":"","site-post-title":"","ast-breadcrumbs-content":"","ast-featured-img":"","footer-sml-layout":"","ast-disable-related-posts":"","theme-transparent-header-meta":"default","adv-header-id-meta":"","stick-header-meta":"","header-above-stick-meta":"","header-main-stick-meta":"","header-below-stick-meta":"","astra-migrate-meta-layouts":"set","ast-page-background-enabled":"default","ast-page-background-meta":{"desktop":{"background-color":"","background-image":"","background-repeat":"repeat","background-position":"center center","background-size":"auto","background-attachment":"scroll","background-type":"","background-media":"","overlay-type":"","overlay-color":"","overlay-opacity":"","overlay-gradient":""},"tablet":{"background-color":"","background-image":"","background-repeat":"repeat","background-position":"center center","background-size":"auto","background-attachment":"scroll","background-type":"","background-media":"","overlay-type":"","overlay-color":"","overlay-opacity":"","overlay-gradient":""},"mobile":{"background-color":"","background-image":"","background-repeat":"repeat","background-position":"center center","background-size":"auto","background-attachment":"scroll","background-type":"","background-media":"","overlay-type":"","overlay-color":"","overlay-opacity":"","overlay-gradient":""}},"ast-content-background-meta":{"desktop":{"background-color":"var(--ast-global-color-5)","background-image":"","background-repeat":"repeat","background-position":"center center","background-size":"auto","background-attachment":"scroll","background-type":"","background-media":"","overlay-type":"","overlay-color":"","overlay-opacity":"","overlay-gradient":""},"tablet":{"background-color":"var(--ast-global-color-5)","background-image":"","background-repeat":"repeat","background-position":"center center","background-size":"auto","background-attachment":"scroll","background-type":"","background-media":"","overlay-type":"","overlay-color":"","overlay-opacity":"","overlay-gradient":""},"mobile":{"background-color":"var(--ast-global-color-5)","background-image":"","background-repeat":"repeat","background-position":"center center","background-size":"auto","background-attachment":"scroll","background-type":"","background-media":"","overlay-type":"","overlay-color":"","overlay-opacity":"","overlay-gradient":""}}},"product_brand":[],"product_cat":[45],"product_tag":[],"class_list":{"0":"post-1887","1":"product","2":"type-product","3":"status-publish","4":"has-post-thumbnail","6":"product_cat-les-merlotxilles","7":"desktop-align-left","8":"tablet-align-left","9":"mobile-align-left","11":"first","12":"instock","13":"taxable","14":"shipping-taxable","15":"purchasable","16":"product-type-simple"},"_links":{"self":[{"href":"https:\/\/ellu-handmade.com\/es\/wp-json\/wp\/v2\/product\/1887","targetHints":{"allow":["GET"]}}],"collection":[{"href":"https:\/\/ellu-handmade.com\/es\/wp-json\/wp\/v2\/product"}],"about":[{"href":"https:\/\/ellu-handmade.com\/es\/wp-json\/wp\/v2\/types\/product"}],"replies":[{"embeddable":true,"href":"https:\/\/ellu-handmade.com\/es\/wp-json\/wp\/v2\/comments?post=1887"}],"wp:featuredmedia":[{"embeddable":true,"href":"https:\/\/ellu-handmade.com\/es\/wp-json\/wp\/v2\/media\/1888"}],"wp:attachment":[{"href":"https:\/\/ellu-handmade.com\/es\/wp-json\/wp\/v2\/media?parent=1887"}],"wp:term":[{"taxonomy":"product_brand","embeddable":true,"href":"https:\/\/ellu-handmade.com\/es\/wp-json\/wp\/v2\/product_brand?post=1887"},{"taxonomy":"product_cat","embeddable":true,"href":"https:\/\/ellu-handmade.com\/es\/wp-json\/wp\/v2\/product_cat?post=1887"},{"taxonomy":"product_tag","embeddable":true,"href":"https:\/\/ellu-handmade.com\/es\/wp-json\/wp\/v2\/product_tag?post=1887"}],"curies":[{"name":"wp","href":"https:\/\/api.w.org\/{rel}","templated":true}]}}