{"id":706,"date":"2024-05-07T16:28:31","date_gmt":"2024-05-07T15:28:31","guid":{"rendered":"https:\/\/cyan-mandrill-206091.hostingersite.com\/about-us\/"},"modified":"2026-01-30T14:02:14","modified_gmt":"2026-01-30T13:02:14","slug":"creacions-textils-sostenibles","status":"publish","type":"page","link":"https:\/\/ellu-handmade.com\/es\/creacions-textils-sostenibles\/","title":{"rendered":"Nosaltres"},"content":{"rendered":"<div data-elementor-type=\"wp-page\" data-elementor-id=\"706\" class=\"elementor elementor-706\" data-elementor-post-type=\"page\">\n\t\t\t\t\t\t<section class=\"elementor-section elementor-top-section elementor-element elementor-element-8e25e36 elementor-section-boxed elementor-section-height-default elementor-section-height-default\" data-id=\"8e25e36\" data-element_type=\"section\" data-e-type=\"section\" data-settings=\"{&quot;background_background&quot;:&quot;classic&quot;}\">\n\t\t\t\t\t\t<div class=\"elementor-container elementor-column-gap-no\">\n\t\t\t\t\t<div class=\"elementor-column elementor-col-100 elementor-top-column elementor-element elementor-element-98cdb69\" data-id=\"98cdb69\" data-element_type=\"column\" data-e-type=\"column\">\n\t\t\t<div class=\"elementor-widget-wrap elementor-element-populated\">\n\t\t\t\t\t\t<div class=\"elementor-element elementor-element-0ded19f elementor-widget elementor-widget-heading\" data-id=\"0ded19f\" data-element_type=\"widget\" data-e-type=\"widget\" data-widget_type=\"heading.default\">\n\t\t\t\t<div class=\"elementor-widget-container\">\n\t\t\t\t\t<h1 class=\"elementor-heading-title elementor-size-default\">S\u00f3c l\u2019Esther i la persona que, juntament amb el Merlot i la Croqueta \ud83d\ude3a, estem darrera d\u2019aquest projecte.\n<\/h1>\t\t\t\t<\/div>\n\t\t\t\t<\/div>\n\t\t\t\t\t<\/div>\n\t\t<\/div>\n\t\t\t\t\t<\/div>\n\t\t<\/section>\n\t\t<div class=\"elementor-element elementor-element-2aa2465 e-flex e-con-boxed e-con e-parent\" data-id=\"2aa2465\" data-element_type=\"container\" data-e-type=\"container\" data-settings=\"{&quot;background_background&quot;:&quot;classic&quot;}\">\n\t\t\t\t\t<div class=\"e-con-inner\">\n\t\t<div class=\"elementor-element elementor-element-6449463 e-con-full e-flex e-con e-child\" data-id=\"6449463\" data-element_type=\"container\" data-e-type=\"container\">\n\t\t\t\t<div class=\"elementor-element elementor-element-c1f061a elementor-widget elementor-widget-image\" data-id=\"c1f061a\" data-element_type=\"widget\" data-e-type=\"widget\" data-widget_type=\"image.default\">\n\t\t\t\t<div class=\"elementor-widget-container\">\n\t\t\t\t\t\t\t\t\t\t\t\t\t\t\t<img fetchpriority=\"high\" decoding=\"async\" width=\"500\" height=\"500\" src=\"https:\/\/ellu-handmade.com\/wp-content\/uploads\/2024\/06\/Esther.png\" class=\"attachment-large size-large wp-image-1734\" alt=\"\" srcset=\"https:\/\/ellu-handmade.com\/wp-content\/uploads\/2024\/06\/Esther.png 500w, https:\/\/ellu-handmade.com\/wp-content\/uploads\/2024\/06\/Esther-300x300.png 300w, https:\/\/ellu-handmade.com\/wp-content\/uploads\/2024\/06\/Esther-150x150.png 150w, https:\/\/ellu-handmade.com\/wp-content\/uploads\/2024\/06\/Esther-12x12.png 12w, https:\/\/ellu-handmade.com\/wp-content\/uploads\/2024\/06\/Esther-100x100.png 100w\" sizes=\"(max-width: 500px) 100vw, 500px\" \/>\t\t\t\t\t\t\t\t\t\t\t\t\t\t\t<\/div>\n\t\t\t\t<\/div>\n\t\t\t\t<\/div>\n\t\t<div class=\"elementor-element elementor-element-303f203 e-con-full e-flex e-con e-child\" data-id=\"303f203\" data-element_type=\"container\" data-e-type=\"container\">\n\t\t\t\t<div class=\"elementor-element elementor-element-15ccff6 elementor-widget elementor-widget-image\" data-id=\"15ccff6\" data-element_type=\"widget\" data-e-type=\"widget\" data-widget_type=\"image.default\">\n\t\t\t\t<div class=\"elementor-widget-container\">\n\t\t\t\t\t\t\t\t\t\t\t\t\t\t\t<img decoding=\"async\" width=\"500\" height=\"500\" src=\"https:\/\/ellu-handmade.com\/wp-content\/uploads\/2024\/06\/gat-1.png\" class=\"attachment-large size-large wp-image-1735\" alt=\"\" srcset=\"https:\/\/ellu-handmade.com\/wp-content\/uploads\/2024\/06\/gat-1.png 500w, https:\/\/ellu-handmade.com\/wp-content\/uploads\/2024\/06\/gat-1-300x300.png 300w, https:\/\/ellu-handmade.com\/wp-content\/uploads\/2024\/06\/gat-1-150x150.png 150w, https:\/\/ellu-handmade.com\/wp-content\/uploads\/2024\/06\/gat-1-12x12.png 12w, https:\/\/ellu-handmade.com\/wp-content\/uploads\/2024\/06\/gat-1-100x100.png 100w\" sizes=\"(max-width: 500px) 100vw, 500px\" \/>\t\t\t\t\t\t\t\t\t\t\t\t\t\t\t<\/div>\n\t\t\t\t<\/div>\n\t\t\t\t<\/div>\n\t\t<div class=\"elementor-element elementor-element-9f65791 e-con-full e-flex e-con e-child\" data-id=\"9f65791\" data-element_type=\"container\" data-e-type=\"container\">\n\t\t\t\t<div class=\"elementor-element elementor-element-b638c80 elementor-widget elementor-widget-image\" data-id=\"b638c80\" data-element_type=\"widget\" data-e-type=\"widget\" data-widget_type=\"image.default\">\n\t\t\t\t<div class=\"elementor-widget-container\">\n\t\t\t\t\t\t\t\t\t\t\t\t\t\t\t<img decoding=\"async\" width=\"500\" height=\"500\" src=\"https:\/\/ellu-handmade.com\/wp-content\/uploads\/2024\/06\/gat-2.png\" class=\"attachment-large size-large wp-image-1736\" alt=\"\" srcset=\"https:\/\/ellu-handmade.com\/wp-content\/uploads\/2024\/06\/gat-2.png 500w, https:\/\/ellu-handmade.com\/wp-content\/uploads\/2024\/06\/gat-2-300x300.png 300w, https:\/\/ellu-handmade.com\/wp-content\/uploads\/2024\/06\/gat-2-150x150.png 150w, https:\/\/ellu-handmade.com\/wp-content\/uploads\/2024\/06\/gat-2-12x12.png 12w, https:\/\/ellu-handmade.com\/wp-content\/uploads\/2024\/06\/gat-2-100x100.png 100w\" sizes=\"(max-width: 500px) 100vw, 500px\" \/>\t\t\t\t\t\t\t\t\t\t\t\t\t\t\t<\/div>\n\t\t\t\t<\/div>\n\t\t\t\t<\/div>\n\t\t\t\t\t<\/div>\n\t\t\t\t<\/div>\n\t\t\t\t<section class=\"elementor-section elementor-top-section elementor-element elementor-element-059f3cf elementor-section-boxed elementor-section-height-default elementor-section-height-default\" data-id=\"059f3cf\" data-element_type=\"section\" data-e-type=\"section\" data-settings=\"{&quot;background_background&quot;:&quot;classic&quot;}\">\n\t\t\t\t\t\t<div class=\"elementor-container elementor-column-gap-no\">\n\t\t\t\t\t<div class=\"elementor-column elementor-col-50 elementor-top-column elementor-element elementor-element-6d18ab6\" data-id=\"6d18ab6\" data-element_type=\"column\" data-e-type=\"column\" data-settings=\"{&quot;background_background&quot;:&quot;classic&quot;}\">\n\t\t\t<div class=\"elementor-widget-wrap elementor-element-populated\">\n\t\t\t\t\t\t<div class=\"elementor-element elementor-element-94c6bd0 elementor-widget elementor-widget-heading\" data-id=\"94c6bd0\" data-element_type=\"widget\" data-e-type=\"widget\" data-widget_type=\"heading.default\">\n\t\t\t\t<div class=\"elementor-widget-container\">\n\t\t\t\t\t<h2 class=\"elementor-heading-title elementor-size-default\">Voleu saber la nostra hist\u00f2ria?<\/h2>\t\t\t\t<\/div>\n\t\t\t\t<\/div>\n\t\t\t\t<div class=\"elementor-element elementor-element-5b0931b elementor-widget elementor-widget-image\" data-id=\"5b0931b\" data-element_type=\"widget\" data-e-type=\"widget\" data-widget_type=\"image.default\">\n\t\t\t\t<div class=\"elementor-widget-container\">\n\t\t\t\t\t\t\t\t\t\t\t\t\t\t\t<img loading=\"lazy\" decoding=\"async\" width=\"489\" height=\"182\" src=\"https:\/\/ellu-handmade.com\/wp-content\/uploads\/2024\/06\/maquina-cosir-ellu.png\" class=\"attachment-full size-full wp-image-1568\" alt=\"\" srcset=\"https:\/\/ellu-handmade.com\/wp-content\/uploads\/2024\/06\/maquina-cosir-ellu.png 489w, https:\/\/ellu-handmade.com\/wp-content\/uploads\/2024\/06\/maquina-cosir-ellu-300x112.png 300w, https:\/\/ellu-handmade.com\/wp-content\/uploads\/2024\/06\/maquina-cosir-ellu-18x7.png 18w\" sizes=\"(max-width: 489px) 100vw, 489px\" \/>\t\t\t\t\t\t\t\t\t\t\t\t\t\t\t<\/div>\n\t\t\t\t<\/div>\n\t\t\t\t<div class=\"elementor-element elementor-element-cb6ee60 elementor-drop-cap-yes elementor-drop-cap-view-default elementor-widget elementor-widget-text-editor\" data-id=\"cb6ee60\" data-element_type=\"widget\" data-e-type=\"widget\" data-settings=\"{&quot;drop_cap&quot;:&quot;yes&quot;}\" data-widget_type=\"text-editor.default\">\n\t\t\t\t<div class=\"elementor-widget-container\">\n\t\t\t\t\t\t\t\t\t<p><span style=\"font-weight: 400;\">Des de ben petita he tingut inquietud per les manualitats i el meu cap sempre ha anat un pas m\u00e9s endavant per crear.<\/span><\/p><p><span style=\"font-weight: 400;\">Des de figuretes de pasta que s\u2019assecava a l\u2019aire, passant per amigurumis i fent m\u00e9s de 100 fofutxes\u2026<\/span><\/p><p><span style=\"font-weight: 400;\">A partir d\u2019aqu\u00ed vaig perdre la por a les agulles i a la m\u00e0quina de cosir.<\/span><\/p><p><span style=\"font-weight: 400;\">Cosia algun pitet per beb\u00e8 i poca cosa m\u00e9s tot i que, des de sempre, quan anava a comprar roba mai trobava res que m\u2019agrad\u00e9s perqu\u00e8 ho veia tot igual i sempre pensava&#8230; com m\u2019agradaria poder fer-me la meva pr\u00f2pia roba!<\/span><\/p><p><span style=\"font-weight: 400;\">Durant la pand\u00e8mia del 2020, vaig comen\u00e7ar a cosir mascaretes de tela per poder donar-les a la gent que no en trobava a cap establiment.\u00a0<\/span><\/p><p><span style=\"font-weight: 400;\">A partir d\u2019aqu\u00ed, l\u2019empresa on treballava em van incloure dins d\u2019un Erto de poc m\u00e9s d\u2019un any i, dins la incertesa i tristesa del moment, vaig intentar girar la truita a la hist\u00f2ria i vaig pensar que era el moment ideal per fer tot all\u00f2 que mai havia tingut temps de fer.\u00a0<\/span><\/p>\t\t\t\t\t\t\t\t<\/div>\n\t\t\t\t<\/div>\n\t\t\t\t\t<\/div>\n\t\t<\/div>\n\t\t\t\t<div class=\"elementor-column elementor-col-50 elementor-top-column elementor-element elementor-element-5c57f18\" data-id=\"5c57f18\" data-element_type=\"column\" data-e-type=\"column\" data-settings=\"{&quot;background_background&quot;:&quot;classic&quot;}\">\n\t\t\t<div class=\"elementor-widget-wrap elementor-element-populated\">\n\t\t\t\t\t\t<div class=\"elementor-element elementor-element-5da1004 elementor-drop-cap-yes elementor-drop-cap-view-default elementor-widget elementor-widget-text-editor\" data-id=\"5da1004\" data-element_type=\"widget\" data-e-type=\"widget\" data-settings=\"{&quot;drop_cap&quot;:&quot;yes&quot;}\" data-widget_type=\"text-editor.default\">\n\t\t\t\t<div class=\"elementor-widget-container\">\n\t\t\t\t\t\t\t\t\t<p><span style=\"font-weight: 400;\">De forma totalment autodidacta, vaig aprendre a cosir complements i a fer-me LA MEVA PR\u00d2PIA ROBA!!! BUAAAAA!! UN SOMNI FET REALITAT!!\u00a0<\/span><\/p><p><span style=\"font-weight: 400;\">Moltes hores d\u2019experiments i fracassos&#8230;de dies, setmanes i mesos de feina&#8230;cada puntada que he fet des de llavors m\u2019ha portat al dia d\u2019avui.\u00a0<\/span><\/p><p><span style=\"font-weight: 400;\">Un avui on la costura \u00e9s el meu refugi, la meva manera d\u2019expressar-me al m\u00f3n i una manera de <\/span><strong>fer sentir \u00fanica i diferent a cada persona<\/strong><span style=\"font-weight: 400;\"> que llueix alguna de les meves creacions.<\/span><\/p><p><span style=\"font-weight: 400;\">Juntament amb el Merlot i la Croqueta \ud83d\ude3a, els tres, fem un EQUIP EXCEPCIONAL! \ud83d\ude3b<\/span><\/p><p><span style=\"font-weight: 400;\">S\u00f3n el meus ajudants incondicionals i estan al meu costat, ajudant-me (a vegades tamb\u00e9 molestant una mica) i fent-me companyia cada dia.<\/span><\/p><p class=\"p1\">A casa ens encanten els animals i, per aix\u00f2, amb el Merlot i la Croqueta, hem decidit que, alguns del nostres productes, portaran el nom d\u2019algun dels peluts de 4 potes que formen part de les nostres vides.<\/p><p class=\"p1\">Desitgem que gaudiu molt del nostre m\u00f3n, entre fils, agulles i m\u00e0quines de cosir.<\/p><p class=\"p1\">Gr\u00e0cies per formar part del nostre cam\u00ed i deixar que nosaltres tamb\u00e9 puguem formar part del vostre <span class=\"s1\">\ud83d\ude0a<\/span><\/p><p class=\"p1\">Merlot, Croqueta i Esther.<\/p>\t\t\t\t\t\t\t\t<\/div>\n\t\t\t\t<\/div>\n\t\t\t\t\t<\/div>\n\t\t<\/div>\n\t\t\t\t\t<\/div>\n\t\t<\/section>\n\t\t\t\t<section class=\"elementor-section elementor-top-section elementor-element elementor-element-28a62ec elementor-section-boxed elementor-section-height-default elementor-section-height-default\" data-id=\"28a62ec\" data-element_type=\"section\" data-e-type=\"section\" data-settings=\"{&quot;background_background&quot;:&quot;classic&quot;}\">\n\t\t\t\t\t\t<div class=\"elementor-container elementor-column-gap-no\">\n\t\t\t\t\t<div class=\"elementor-column elementor-col-100 elementor-top-column elementor-element elementor-element-02ed5f9\" data-id=\"02ed5f9\" data-element_type=\"column\" data-e-type=\"column\">\n\t\t\t<div class=\"elementor-widget-wrap elementor-element-populated\">\n\t\t\t\t\t\t<div class=\"elementor-element elementor-element-2379ed4 elementor-widget elementor-widget-heading\" data-id=\"2379ed4\" data-element_type=\"widget\" data-e-type=\"widget\" data-widget_type=\"heading.default\">\n\t\t\t\t<div class=\"elementor-widget-container\">\n\t\t\t\t\t<h2 class=\"elementor-heading-title elementor-size-default\">Vens amb nosaltres a con\u00e8ixer el nostre m\u00f3n?<\/h2>\t\t\t\t<\/div>\n\t\t\t\t<\/div>\n\t\t\t\t<div class=\"elementor-element elementor-element-1a70009 elementor-widget elementor-widget-heading\" data-id=\"1a70009\" data-element_type=\"widget\" data-e-type=\"widget\" data-widget_type=\"heading.default\">\n\t\t\t\t<div class=\"elementor-widget-container\">\n\t\t\t\t\t<h3 class=\"elementor-heading-title elementor-size-default\">Descobreix creacions t\u00e8xtils sostenibles<\/h3>\t\t\t\t<\/div>\n\t\t\t\t<\/div>\n\t\t\t\t<div class=\"elementor-element elementor-element-456690d elementor-widget elementor-widget-text-editor\" data-id=\"456690d\" data-element_type=\"widget\" data-e-type=\"widget\" data-widget_type=\"text-editor.default\">\n\t\t\t\t<div class=\"elementor-widget-container\">\n\t\t\t\t\t\t\t\t\t<p><span style=\"font-weight: 400;\">Et convidem a visitar el nostre perfil d\u2019Instagram perqu\u00e8 puguis seguir el nostre dia a dia <\/span><span style=\"font-weight: 400;\">de costura i no et perdis cap novetat sobre nous productes, nous patrons i noves aventures! <\/span><span style=\"font-weight: 400;\">I, per descomptat, estarem encantats de poder conversar sobre qualsevol cosa amb tot@s vosaltres! <\/span><\/p>\t\t\t\t\t\t\t\t<\/div>\n\t\t\t\t<\/div>\n\t\t\t\t\t<\/div>\n\t\t<\/div>\n\t\t\t\t\t<\/div>\n\t\t<\/section>\n\t\t<div class=\"elementor-element elementor-element-84f2fc2 e-flex e-con-boxed e-con e-parent\" data-id=\"84f2fc2\" data-element_type=\"container\" data-e-type=\"container\">\n\t\t\t\t\t<div class=\"e-con-inner\">\n\t\t\t\t<div class=\"elementor-element elementor-element-0b41fd8 elementor-widget elementor-widget-shortcode\" data-id=\"0b41fd8\" data-element_type=\"widget\" data-e-type=\"widget\" data-widget_type=\"shortcode.default\">\n\t\t\t\t<div class=\"elementor-widget-container\">\n\t\t\t\t\t\t\t<div class=\"elementor-shortcode\"><script src=\"https:\/\/static.elfsight.com\/platform\/platform.js\" data-use-service-core defer><\/script>\n<div class=\"elfsight-app-816c2cb5-d499-4eea-8be7-729a550cfc05\" data-elfsight-app-lazy><\/div><\/div>\n\t\t\t\t\t\t<\/div>\n\t\t\t\t<\/div>\n\t\t\t\t\t<\/div>\n\t\t\t\t<\/div>\n\t\t\t\t<\/div>","protected":false},"excerpt":{"rendered":"<p>S\u00f3c l\u2019Esther i la persona que, juntament amb el Merlot i la Croqueta \ud83d\ude3a, estem darrera d\u2019aquest projecte. Voleu saber la nostra hist\u00f2ria? Des de ben petita he tingut inquietud per les manualitats i el meu cap sempre ha anat un pas m\u00e9s endavant per crear. Des de figuretes de pasta que s\u2019assecava a l\u2019aire, [&hellip;]<\/p>\n","protected":false},"author":1,"featured_media":0,"parent":0,"menu_order":0,"comment_status":"closed","ping_status":"closed","template":"","meta":{"site-sidebar-layout":"no-sidebar","site-content-layout":"page-builder","ast-site-content-layout":"default","site-content-style":"default","site-sidebar-style":"default","ast-global-header-display":"","ast-banner-title-visibility":"","ast-main-header-display":"","ast-hfb-above-header-display":"","ast-hfb-below-header-display":"","ast-hfb-mobile-header-display":"","site-post-title":"disabled","ast-breadcrumbs-content":"disabled","ast-featured-img":"disabled","footer-sml-layout":"","ast-disable-related-posts":"","theme-transparent-header-meta":"enabled","adv-header-id-meta":"","stick-header-meta":"","header-above-stick-meta":"","header-main-stick-meta":"","header-below-stick-meta":"","astra-migrate-meta-layouts":"default","ast-page-background-enabled":"default","ast-page-background-meta":{"desktop":{"background-color":"","background-image":"","background-repeat":"repeat","background-position":"center center","background-size":"auto","background-attachment":"scroll","background-type":"","background-media":"","overlay-type":"","overlay-color":"","overlay-opacity":"","overlay-gradient":""},"tablet":{"background-color":"","background-image":"","background-repeat":"repeat","background-position":"center center","background-size":"auto","background-attachment":"scroll","background-type":"","background-media":"","overlay-type":"","overlay-color":"","overlay-opacity":"","overlay-gradient":""},"mobile":{"background-color":"","background-image":"","background-repeat":"repeat","background-position":"center center","background-size":"auto","background-attachment":"scroll","background-type":"","background-media":"","overlay-type":"","overlay-color":"","overlay-opacity":"","overlay-gradient":""}},"ast-content-background-meta":{"desktop":{"background-color":"var(--ast-global-color-5)","background-image":"","background-repeat":"repeat","background-position":"center center","background-size":"auto","background-attachment":"scroll","background-type":"","background-media":"","overlay-type":"","overlay-color":"","overlay-opacity":"","overlay-gradient":""},"tablet":{"background-color":"var(--ast-global-color-5)","background-image":"","background-repeat":"repeat","background-position":"center center","background-size":"auto","background-attachment":"scroll","background-type":"","background-media":"","overlay-type":"","overlay-color":"","overlay-opacity":"","overlay-gradient":""},"mobile":{"background-color":"var(--ast-global-color-5)","background-image":"","background-repeat":"repeat","background-position":"center center","background-size":"auto","background-attachment":"scroll","background-type":"","background-media":"","overlay-type":"","overlay-color":"","overlay-opacity":"","overlay-gradient":""}},"footnotes":""},"class_list":["post-706","page","type-page","status-publish","hentry"],"_links":{"self":[{"href":"https:\/\/ellu-handmade.com\/es\/wp-json\/wp\/v2\/pages\/706","targetHints":{"allow":["GET"]}}],"collection":[{"href":"https:\/\/ellu-handmade.com\/es\/wp-json\/wp\/v2\/pages"}],"about":[{"href":"https:\/\/ellu-handmade.com\/es\/wp-json\/wp\/v2\/types\/page"}],"author":[{"embeddable":true,"href":"https:\/\/ellu-handmade.com\/es\/wp-json\/wp\/v2\/users\/1"}],"replies":[{"embeddable":true,"href":"https:\/\/ellu-handmade.com\/es\/wp-json\/wp\/v2\/comments?post=706"}],"version-history":[{"count":8,"href":"https:\/\/ellu-handmade.com\/es\/wp-json\/wp\/v2\/pages\/706\/revisions"}],"predecessor-version":[{"id":2248,"href":"https:\/\/ellu-handmade.com\/es\/wp-json\/wp\/v2\/pages\/706\/revisions\/2248"}],"wp:attachment":[{"href":"https:\/\/ellu-handmade.com\/es\/wp-json\/wp\/v2\/media?parent=706"}],"curies":[{"name":"wp","href":"https:\/\/api.w.org\/{rel}","templated":true}]}}