{"id":1899,"date":"2024-07-08T07:35:29","date_gmt":"2024-07-08T06:35:29","guid":{"rendered":"https:\/\/cyan-mandrill-206091.hostingersite.com\/?page_id=1899"},"modified":"2024-07-08T07:36:15","modified_gmt":"2024-07-08T06:36:15","slug":"politica-de-devolucions-i-reembossament","status":"publish","type":"page","link":"https:\/\/ellu-handmade.com\/es\/politica-de-devolucions-i-reembossament\/","title":{"rendered":"Pol\u00edtica de devolucions i reembossament"},"content":{"rendered":"<div data-elementor-type=\"wp-page\" data-elementor-id=\"1899\" class=\"elementor elementor-1899\" data-elementor-post-type=\"page\">\n\t\t\t\t\t\t<section class=\"elementor-section elementor-top-section elementor-element elementor-element-231fa6f elementor-section-boxed elementor-section-height-default elementor-section-height-default\" data-id=\"231fa6f\" data-element_type=\"section\" data-e-type=\"section\">\n\t\t\t\t\t\t<div class=\"elementor-container elementor-column-gap-no\">\n\t\t\t\t\t<div class=\"elementor-column elementor-col-100 elementor-top-column elementor-element elementor-element-d950186\" data-id=\"d950186\" data-element_type=\"column\" data-e-type=\"column\">\n\t\t\t<div class=\"elementor-widget-wrap elementor-element-populated\">\n\t\t\t\t\t\t<div class=\"elementor-element elementor-element-aa555b5 elementor-widget elementor-widget-image\" data-id=\"aa555b5\" data-element_type=\"widget\" data-e-type=\"widget\" data-widget_type=\"image.default\">\n\t\t\t\t<div class=\"elementor-widget-container\">\n\t\t\t\t\t\t\t\t\t\t\t\t\t\t\t<img decoding=\"async\" src=\"https:\/\/ellu-handmade.com\/wp-content\/uploads\/2024\/05\/icone.png\" title=\"\" alt=\"\" loading=\"lazy\" \/>\t\t\t\t\t\t\t\t\t\t\t\t\t\t\t<\/div>\n\t\t\t\t<\/div>\n\t\t\t\t<section class=\"elementor-section elementor-inner-section elementor-element elementor-element-86d9a1e elementor-section-boxed elementor-section-height-default elementor-section-height-default\" data-id=\"86d9a1e\" data-element_type=\"section\" data-e-type=\"section\">\n\t\t\t\t\t\t<div class=\"elementor-container elementor-column-gap-no\">\n\t\t\t\t\t<div class=\"elementor-column elementor-col-100 elementor-inner-column elementor-element elementor-element-4a7caec\" data-id=\"4a7caec\" data-element_type=\"column\" data-e-type=\"column\">\n\t\t\t<div class=\"elementor-widget-wrap elementor-element-populated\">\n\t\t\t\t\t\t<div class=\"elementor-element elementor-element-ff0c926 elementor-widget elementor-widget-text-editor\" data-id=\"ff0c926\" data-element_type=\"widget\" data-e-type=\"widget\" data-widget_type=\"text-editor.default\">\n\t\t\t\t<div class=\"elementor-widget-container\">\n\t\t\t\t\t\t\t\t\t<p class=\"p1\">** <b>Garanties<\/b>**<\/p><p class=\"p1\">-Poden existir lleugeres variacions en l\u2019aspecte final del producte respecte les fotografies mostrades degut a que, tots els productes, es confeccionen de forma artesanal i els materials utilitzats i els teixits poden presentar subtils canvis de color.<\/p><p class=\"p1\">-Tot i garantir la qualitat dels nostres productes, si reps algun article defectu\u00f3s o en mal estat, contacta\u2019ns al correu <a href=\"mailto:hola@ellu-handmade.com\"><span class=\"s1\">hola@ellu-handmade.com<\/span><\/a>, a partir dels 15 dies h\u00e0bils posteriors a la recepci\u00f3 del producte per poder sol\u00b7licitar un reembossament o fer un canvi.<\/p><p class=\"p1\">ELLUHANDMADE es far\u00e0 c\u00e0rrec de les despeses d\u2019enviament <span class=\"s2\"><b>nom\u00e9s en aquest cas<\/b><\/span>.<\/p><p class=\"p1\">** <b>Devolucions <\/b>**<\/p><p class=\"p1\">-Tens un termini de 15 dies h\u00e0bils a partir de la data de compra per poder retornar un producte del qual no n\u2019estiguis satisfet.<\/p><p class=\"p1\">-ELLUHANDMADE es reserva el dret a retenir el reembossament fins a rebre els articles i verificar l\u2019estat dels mateixos.<\/p><p class=\"p1\">L\u2019article ha d\u2019estar en el seu estat original, sense utilitzar i amb totes les etiquetes i embalatge original.<\/p><p class=\"p1\">-No s\u2019accepten canvis ni devolucions d\u2019articles personalitzats o modificats pel client, ni tampoc de productes de la zona outlet\/fora stocks.<\/p><p class=\"p1\">-Les despeses d\u2019enviament i recollida en cas de devoluci\u00f3, canvi o ren\u00fancia aniran a c\u00e0rrec del client.<\/p>\t\t\t\t\t\t\t\t<\/div>\n\t\t\t\t<\/div>\n\t\t\t\t\t<\/div>\n\t\t<\/div>\n\t\t\t\t\t<\/div>\n\t\t<\/section>\n\t\t\t\t\t<\/div>\n\t\t<\/div>\n\t\t\t\t\t<\/div>\n\t\t<\/section>\n\t\t\t\t<\/div>","protected":false},"excerpt":{"rendered":"<p>** Garanties** -Poden existir lleugeres variacions en l\u2019aspecte final del producte respecte les fotografies mostrades degut a que, tots els productes, es confeccionen de forma artesanal i els materials utilitzats i els teixits poden presentar subtils canvis de color. -Tot i garantir la qualitat dels nostres productes, si reps algun article defectu\u00f3s o en mal [&hellip;]<\/p>\n","protected":false},"author":1,"featured_media":0,"parent":0,"menu_order":0,"comment_status":"closed","ping_status":"closed","template":"","meta":{"site-sidebar-layout":"no-sidebar","site-content-layout":"page-builder","ast-site-content-layout":"full-width-container","site-content-style":"default","site-sidebar-style":"default","ast-global-header-display":"","ast-banner-title-visibility":"","ast-main-header-display":"","ast-hfb-above-header-display":"","ast-hfb-below-header-display":"","ast-hfb-mobile-header-display":"","site-post-title":"disabled","ast-breadcrumbs-content":"","ast-featured-img":"disabled","footer-sml-layout":"","ast-disable-related-posts":"","theme-transparent-header-meta":"","adv-header-id-meta":"","stick-header-meta":"","header-above-stick-meta":"","header-main-stick-meta":"","header-below-stick-meta":"","astra-migrate-meta-layouts":"set","ast-page-background-enabled":"default","ast-page-background-meta":{"desktop":{"background-color":"","background-image":"","background-repeat":"repeat","background-position":"center center","background-size":"auto","background-attachment":"scroll","background-type":"","background-media":"","overlay-type":"","overlay-color":"","overlay-opacity":"","overlay-gradient":""},"tablet":{"background-color":"","background-image":"","background-repeat":"repeat","background-position":"center center","background-size":"auto","background-attachment":"scroll","background-type":"","background-media":"","overlay-type":"","overlay-color":"","overlay-opacity":"","overlay-gradient":""},"mobile":{"background-color":"","background-image":"","background-repeat":"repeat","background-position":"center center","background-size":"auto","background-attachment":"scroll","background-type":"","background-media":"","overlay-type":"","overlay-color":"","overlay-opacity":"","overlay-gradient":""}},"ast-content-background-meta":{"desktop":{"background-color":"var(--ast-global-color-5)","background-image":"","background-repeat":"repeat","background-position":"center center","background-size":"auto","background-attachment":"scroll","background-type":"","background-media":"","overlay-type":"","overlay-color":"","overlay-opacity":"","overlay-gradient":""},"tablet":{"background-color":"var(--ast-global-color-5)","background-image":"","background-repeat":"repeat","background-position":"center center","background-size":"auto","background-attachment":"scroll","background-type":"","background-media":"","overlay-type":"","overlay-color":"","overlay-opacity":"","overlay-gradient":""},"mobile":{"background-color":"var(--ast-global-color-5)","background-image":"","background-repeat":"repeat","background-position":"center center","background-size":"auto","background-attachment":"scroll","background-type":"","background-media":"","overlay-type":"","overlay-color":"","overlay-opacity":"","overlay-gradient":""}},"footnotes":""},"class_list":["post-1899","page","type-page","status-publish","hentry"],"_links":{"self":[{"href":"https:\/\/ellu-handmade.com\/es\/wp-json\/wp\/v2\/pages\/1899","targetHints":{"allow":["GET"]}}],"collection":[{"href":"https:\/\/ellu-handmade.com\/es\/wp-json\/wp\/v2\/pages"}],"about":[{"href":"https:\/\/ellu-handmade.com\/es\/wp-json\/wp\/v2\/types\/page"}],"author":[{"embeddable":true,"href":"https:\/\/ellu-handmade.com\/es\/wp-json\/wp\/v2\/users\/1"}],"replies":[{"embeddable":true,"href":"https:\/\/ellu-handmade.com\/es\/wp-json\/wp\/v2\/comments?post=1899"}],"version-history":[{"count":5,"href":"https:\/\/ellu-handmade.com\/es\/wp-json\/wp\/v2\/pages\/1899\/revisions"}],"predecessor-version":[{"id":1906,"href":"https:\/\/ellu-handmade.com\/es\/wp-json\/wp\/v2\/pages\/1899\/revisions\/1906"}],"wp:attachment":[{"href":"https:\/\/ellu-handmade.com\/es\/wp-json\/wp\/v2\/media?parent=1899"}],"curies":[{"name":"wp","href":"https:\/\/api.w.org\/{rel}","templated":true}]}}