{"id":1026,"date":"2024-05-07T18:16:21","date_gmt":"2024-05-07T17:16:21","guid":{"rendered":"https:\/\/cyan-mandrill-206091.hostingersite.com\/?page_id=1026"},"modified":"2024-07-11T05:25:02","modified_gmt":"2024-07-11T04:25:02","slug":"declaracio-daccessibilitat","status":"publish","type":"page","link":"https:\/\/ellu-handmade.com\/es\/declaracio-daccessibilitat\/","title":{"rendered":"Declaraci\u00f3 d&#8217;accessibilitat"},"content":{"rendered":"<div data-elementor-type=\"wp-page\" data-elementor-id=\"1026\" class=\"elementor elementor-1026\" data-elementor-post-type=\"page\">\n\t\t\t\t\t\t<section class=\"elementor-section elementor-top-section elementor-element elementor-element-f51345f elementor-section-boxed elementor-section-height-default elementor-section-height-default\" data-id=\"f51345f\" data-element_type=\"section\" data-e-type=\"section\">\n\t\t\t\t\t\t<div class=\"elementor-container elementor-column-gap-no\">\n\t\t\t\t\t<div class=\"elementor-column elementor-col-100 elementor-top-column elementor-element elementor-element-4da3e8a\" data-id=\"4da3e8a\" data-element_type=\"column\" data-e-type=\"column\">\n\t\t\t<div class=\"elementor-widget-wrap elementor-element-populated\">\n\t\t\t\t\t\t<div class=\"elementor-element elementor-element-faa62ab elementor-widget elementor-widget-image\" data-id=\"faa62ab\" data-element_type=\"widget\" data-e-type=\"widget\" data-widget_type=\"image.default\">\n\t\t\t\t<div class=\"elementor-widget-container\">\n\t\t\t\t\t\t\t\t\t\t\t\t\t\t\t<img decoding=\"async\" src=\"https:\/\/ellu-handmade.com\/wp-content\/uploads\/2024\/05\/icone.png\" title=\"\" alt=\"\" loading=\"lazy\" \/>\t\t\t\t\t\t\t\t\t\t\t\t\t\t\t<\/div>\n\t\t\t\t<\/div>\n\t\t\t\t<section class=\"elementor-section elementor-inner-section elementor-element elementor-element-85d6bb2 elementor-section-boxed elementor-section-height-default elementor-section-height-default\" data-id=\"85d6bb2\" data-element_type=\"section\" data-e-type=\"section\">\n\t\t\t\t\t\t<div class=\"elementor-container elementor-column-gap-no\">\n\t\t\t\t\t<div class=\"elementor-column elementor-col-100 elementor-inner-column elementor-element elementor-element-f088331\" data-id=\"f088331\" data-element_type=\"column\" data-e-type=\"column\">\n\t\t\t<div class=\"elementor-widget-wrap elementor-element-populated\">\n\t\t\t\t\t\t<div class=\"elementor-element elementor-element-fdfb151 elementor-widget elementor-widget-text-editor\" data-id=\"fdfb151\" data-element_type=\"widget\" data-e-type=\"widget\" data-widget_type=\"text-editor.default\">\n\t\t\t\t<div class=\"elementor-widget-container\">\n\t\t\t\t\t\t\t\t\t<p>Estem compromesos a fer accessible el nostre lloc web de conformitat amb el\u00a0<a href=\"https:\/\/www.boe.es\/buscar\/act.php?id=BOE-A-2018-12699\" target=\"_blank\" rel=\"noopener\">Reial Decret 1112\/2018, de 7 de setembre,<\/a>\u00a0sobre accessibilitat dels llocs web i aplicacions per a dispositius m\u00f2bils del sector p\u00fablic (d\u2019ara endavant, Reial Decret 1112\/2018, de 7 de setembre).<\/p><h5>\u00a0<\/h5><h5><b>SITUACI\u00d3 DE COMPLIMENT<\/b><\/h5><p>Aquest lloc web \u00e9s parcialment conforme amb el Reial decret 1112\/2018, de 7 de setembre, degut a la manca de conformitat dels aspectes que s\u2019indiquen a continuaci\u00f3.<\/p><h5><b>CONTINGUT NO ACCESSIBLE<\/b><\/h5><p>El contingut que es recull a continuaci\u00f3 no \u00e9s accessible pel seg\u00fcent:<\/p><ol><li aria-level=\"1\">Manca de conformitat amb el Reial Decret 1112\/2018, de 7 de setembre: podrien existir errors puntuals d\u2019edici\u00f3 en alguna p\u00e0gina web, tant en continguts HTML com en documents finals, publicats en data posterior al 20 de setembre de 2018 (data d\u2019entrada en vigor del Reial decret 1112\/2018, de 7 de setembre). Concretament pot haver-hi errors en aquells documents que contenen gr\u00e0fics, taules complexes o en aquells signats electr\u00f2nicament abans de la revisi\u00f3 d\u2019accessibilitat.<\/li><li aria-level=\"1\">C\u00e0rrega desproporcionada: no s\u2019aplica.<\/li><li aria-level=\"1\">El contingut no entra dins l\u2019\u00e0mbit de la legislaci\u00f3 aplicable: Hi ha arxius ofim\u00e0tics en PDF o altres formats publicats abans del 20 de setembre de 2018 que no compleixen totalment tots els requisits d\u2019accessibilitat; tamb\u00e9 poden estar en aquesta situaci\u00f3 continguts de tercers no finan\u00e7ats, ni desenvolupats, ni sota el control del Ministeri.<\/li><\/ol><h5><b>PREPARACI\u00d3 DE LA PRESENT DECLARACI\u00d3 D\u2019ACCESSIBILITAT<\/b><\/h5><p>Aquesta declaraci\u00f3 va ser preparada el 7 de maig de 2024.<\/p><p>El m\u00e8tode emprat per preparar la declaraci\u00f3 ha estat una autoavaluaci\u00f3 duta a terme pel mateix organisme.<\/p><h5><b>OBSERVACIONS I DADES DE CONTACTE<\/b><\/h5><p>Podeu realitzar comunicacions sobre requisits d\u2019accessibilitat (article 10.2.a) del Reial decret 1112\/2018, de 7 de setembre) com, per exemple:<\/p><p>Informar sobre qualsevol possible incompliment per part daquest lloc web.<\/p><p>Transmetre altres dificultats dacc\u00e9s al contingut.<\/p><p>Formular qualsevol altra consulta o suggeriment de millora relativa a laccessibilitat del lloc web.<\/p><p>A trav\u00e9s de les vies seg\u00fcents:<\/p><ul><li aria-level=\"1\">Correu electr\u00f2nic: <a style=\"font-size: 16px; background-color: #ffffff;\" href=\"mailto:hola@ellu-handmade.com\"><span class=\"s2\">hola@ellu-handmade.com<\/span><\/a><\/li><li aria-level=\"1\">Tel\u00e8fon: + 34 605 39 66 85<\/li><li aria-level=\"1\">Les comunicacions seran rebudes i tractades per l\u2019adre\u00e7a de l\u2019empresa com a unitat responsable dels continguts d\u2019aquest lloc web.<\/li><\/ul><h5><b>CONTINGUT OPCIONAL<\/b><\/h5><p>La versi\u00f3 actualment visible d\u2019aquest lloc web \u00e9s de maig de 2024 i en aquesta data es va fer la revisi\u00f3 del nivell d\u2019accessibilitat vigent al moment.<\/p><p>A partir de la data esmentada es duen a terme revisions parcials di\u00e0ries del contingut web nou o modificat, tant de les plantilles com de les p\u00e0gines i documents finals publicats, a fi d\u2019assegurar el compliment dels requeriments d\u2019accessibilitat de la Norma UNE-EN 301549 :2019, considerant les excepcions del Reial decret 1112\/2018, de 7 de setembre.<\/p><p>Entre altres, s\u2019adopten les mesures seg\u00fcents per facilitar l\u2019accessibilitat:<\/p><ul><li aria-level=\"1\">Utilitzaci\u00f3 de text alternatiu a les imatges.<\/li><li aria-level=\"1\">Els enlla\u00e7os ofereixen detalls de la funci\u00f3 o dest\u00ed de l\u2019hiperenlla\u00e7.<\/li><li aria-level=\"1\">\u00das dels est\u00e0ndards del W3C: XHTML 1.0, CSS 3.0, WAI AA<\/li><\/ul>\t\t\t\t\t\t\t\t<\/div>\n\t\t\t\t<\/div>\n\t\t\t\t\t<\/div>\n\t\t<\/div>\n\t\t\t\t\t<\/div>\n\t\t<\/section>\n\t\t\t\t\t<\/div>\n\t\t<\/div>\n\t\t\t\t\t<\/div>\n\t\t<\/section>\n\t\t\t\t<\/div>","protected":false},"excerpt":{"rendered":"<p>Estem compromesos a fer accessible el nostre lloc web de conformitat amb el\u00a0Reial Decret 1112\/2018, de 7 de setembre,\u00a0sobre accessibilitat dels llocs web i aplicacions per a dispositius m\u00f2bils del sector p\u00fablic (d\u2019ara endavant, Reial Decret 1112\/2018, de 7 de setembre). \u00a0 SITUACI\u00d3 DE COMPLIMENT Aquest lloc web \u00e9s parcialment conforme amb el Reial decret [&hellip;]<\/p>\n","protected":false},"author":1,"featured_media":0,"parent":0,"menu_order":0,"comment_status":"closed","ping_status":"closed","template":"","meta":{"site-sidebar-layout":"no-sidebar","site-content-layout":"page-builder","ast-site-content-layout":"full-width-container","site-content-style":"default","site-sidebar-style":"default","ast-global-header-display":"","ast-banner-title-visibility":"","ast-main-header-display":"","ast-hfb-above-header-display":"","ast-hfb-below-header-display":"","ast-hfb-mobile-header-display":"","site-post-title":"disabled","ast-breadcrumbs-content":"","ast-featured-img":"disabled","footer-sml-layout":"","ast-disable-related-posts":"","theme-transparent-header-meta":"","adv-header-id-meta":"","stick-header-meta":"","header-above-stick-meta":"","header-main-stick-meta":"","header-below-stick-meta":"","astra-migrate-meta-layouts":"set","ast-page-background-enabled":"default","ast-page-background-meta":{"desktop":{"background-color":"","background-image":"","background-repeat":"repeat","background-position":"center center","background-size":"auto","background-attachment":"scroll","background-type":"","background-media":"","overlay-type":"","overlay-color":"","overlay-opacity":"","overlay-gradient":""},"tablet":{"background-color":"","background-image":"","background-repeat":"repeat","background-position":"center center","background-size":"auto","background-attachment":"scroll","background-type":"","background-media":"","overlay-type":"","overlay-color":"","overlay-opacity":"","overlay-gradient":""},"mobile":{"background-color":"","background-image":"","background-repeat":"repeat","background-position":"center center","background-size":"auto","background-attachment":"scroll","background-type":"","background-media":"","overlay-type":"","overlay-color":"","overlay-opacity":"","overlay-gradient":""}},"ast-content-background-meta":{"desktop":{"background-color":"var(--ast-global-color-5)","background-image":"","background-repeat":"repeat","background-position":"center center","background-size":"auto","background-attachment":"scroll","background-type":"","background-media":"","overlay-type":"","overlay-color":"","overlay-opacity":"","overlay-gradient":""},"tablet":{"background-color":"var(--ast-global-color-5)","background-image":"","background-repeat":"repeat","background-position":"center center","background-size":"auto","background-attachment":"scroll","background-type":"","background-media":"","overlay-type":"","overlay-color":"","overlay-opacity":"","overlay-gradient":""},"mobile":{"background-color":"var(--ast-global-color-5)","background-image":"","background-repeat":"repeat","background-position":"center center","background-size":"auto","background-attachment":"scroll","background-type":"","background-media":"","overlay-type":"","overlay-color":"","overlay-opacity":"","overlay-gradient":""}},"footnotes":""},"class_list":["post-1026","page","type-page","status-publish","hentry"],"_links":{"self":[{"href":"https:\/\/ellu-handmade.com\/es\/wp-json\/wp\/v2\/pages\/1026","targetHints":{"allow":["GET"]}}],"collection":[{"href":"https:\/\/ellu-handmade.com\/es\/wp-json\/wp\/v2\/pages"}],"about":[{"href":"https:\/\/ellu-handmade.com\/es\/wp-json\/wp\/v2\/types\/page"}],"author":[{"embeddable":true,"href":"https:\/\/ellu-handmade.com\/es\/wp-json\/wp\/v2\/users\/1"}],"replies":[{"embeddable":true,"href":"https:\/\/ellu-handmade.com\/es\/wp-json\/wp\/v2\/comments?post=1026"}],"version-history":[{"count":5,"href":"https:\/\/ellu-handmade.com\/es\/wp-json\/wp\/v2\/pages\/1026\/revisions"}],"predecessor-version":[{"id":2100,"href":"https:\/\/ellu-handmade.com\/es\/wp-json\/wp\/v2\/pages\/1026\/revisions\/2100"}],"wp:attachment":[{"href":"https:\/\/ellu-handmade.com\/es\/wp-json\/wp\/v2\/media?parent=1026"}],"curies":[{"name":"wp","href":"https:\/\/api.w.org\/{rel}","templated":true}]}}